{"id":14,"date":"2021-08-11T15:49:32","date_gmt":"2021-08-11T13:49:32","guid":{"rendered":"http:\/\/joannamierkiewicz.pl\/?page_id=14"},"modified":"2025-08-14T18:11:00","modified_gmt":"2025-08-14T16:11:00","slug":"o-mnie","status":"publish","type":"page","link":"https:\/\/joannamierkiewicz.pl\/","title":{"rendered":"O mnie"},"content":{"rendered":"\n<figure class=\"wp-block-image size-large\"><img loading=\"lazy\" width=\"683\" height=\"1024\" src=\"https:\/\/joannamierkiewicz.pl\/wp-content\/uploads\/2024\/12\/Asia_Mierkiewicz_maly_format-1-683x1024.jpg\" alt=\"\" class=\"wp-image-190\" srcset=\"https:\/\/joannamierkiewicz.pl\/wp-content\/uploads\/2024\/12\/Asia_Mierkiewicz_maly_format-1-683x1024.jpg 683w, https:\/\/joannamierkiewicz.pl\/wp-content\/uploads\/2024\/12\/Asia_Mierkiewicz_maly_format-1-200x300.jpg 200w, https:\/\/joannamierkiewicz.pl\/wp-content\/uploads\/2024\/12\/Asia_Mierkiewicz_maly_format-1-768x1151.jpg 768w, https:\/\/joannamierkiewicz.pl\/wp-content\/uploads\/2024\/12\/Asia_Mierkiewicz_maly_format-1-1025x1536.jpg 1025w, https:\/\/joannamierkiewicz.pl\/wp-content\/uploads\/2024\/12\/Asia_Mierkiewicz_maly_format-1.jpg 1366w\" sizes=\"(max-width: 683px) 100vw, 683px\" \/><\/figure>\n\n\n\n<p id=\"o-mnie\">Nazywam si\u0119 Joanna Mierkiewicz. Jestem <strong>dietetykiem<\/strong> <strong>klinicznym<\/strong> z wykszta\u0142cenia i zami\u0142owania.  G\u0142\u00f3wnym przedmiotem moich zainteresowa\u0144 od 10 lat jest<strong> nadwaga i oty\u0142o\u015b\u0107<\/strong> oraz problemy wsp\u00f3\u0142istniej\u0105ce.<\/p>\n\n\n\n<p id=\"o-mnie\">Odk\u0105d pami\u0119tam czu\u0142am, \u017ce moim powo\u0142aniem i celem jest <strong>niesienie pomocy innym<\/strong>, ale do czas\u00f3w liceum nie wiedzia\u0142am jeszcze w jakiej dziedzinie chc\u0119 ten cel realizowa\u0107. Wtedy w\u0142a\u015bnie zainteresowa\u0142am si\u0119 tematyk\u0105 \u017cywienia, wi\u0119c po maturze naturalnym wyborem by\u0142y dla mnie studia na kierunku <strong>Technologia \u017cywno\u015bci i \u017cywienie cz\u0142owieka<\/strong> ze specjalizacj\u0105 Dietetyka na pozna\u0144skim <strong>Uniwersytecie Przyrodniczym<\/strong>. Ju\u017c od pierwszego roku do\u0142\u0105czy\u0142am do <strong>Ko\u0142a Naukowego Dietetyk\u00f3w<\/strong>, kt\u00f3re umo\u017cliwi\u0142o mi m.in. zdobycie pierwszych do\u015bwiadcze\u0144 w pracy z pacjentami. Na ostatnim roku studi\u00f3w magisterskich podj\u0119\u0142am studia II stopnia na kierunku <strong>Dietetyka<\/strong> na <strong>Uniwersytecie Medycznym<\/strong> w Poznaniu, kt\u00f3re uko\u0144czy\u0142am w 2012 roku uzyskuj\u0105c tytu\u0142 magistra. Wiedz\u0119 zg\u0142\u0119bia\u0142am dalej, pracuj\u0105c w <strong>poradnictwie dietetycznym<\/strong> oraz w <strong>Katedrze Dietetyki<\/strong> na Uniwersytecie Przyrodniczym w Poznaniu.<\/p>\n\n\n\n<p>Zdobyta przez lata wiedza i do\u015bwiadczenie nie by\u0142y wystarczaj\u0105ce, by pom\u00f3c w ka\u017cdym przypadku &#8211; czu\u0142am, \u017ce w pracy z pacjentami ca\u0142y czas brakuje mi wystarczaj\u0105cych narz\u0119dzi. W ostatnich latach zainteresowa\u0142am si\u0119 <strong>Tradycyjn\u0105 Medycyn\u0105 Chi\u0144sk\u0105<\/strong> i w tym zakresie \u2013 uko\u0144czy\u0142am roczny \u201eKurs dietetyki profilaktycznej i leczniczej wed\u0142ug Tradycyjnej Medycyny Chi\u0144skiej\u201d prowadzony przez dr Agnieszk\u0119 Krzemi\u0144sk\u0105. Interesuje mnie tak\u017ce <strong>psychodietetyka<\/strong>, w zakresie kt\u00f3rej uko\u0144czy\u0142am do tej pory kilka szkole\u0144. Zdobywam ca\u0142y czas nowe umiej\u0119tno\u015bci i wiedz\u0119, kt\u00f3r\u0105 stosuj\u0119 w praktyce i przekazuj\u0119 swoim pacjentom, by jak najd\u0142u\u017cej cieszyli si\u0119 dobrym samopoczuciem i zdrowiem.<\/p>\n\n\n\n<p>W pracy z pacjentem najwa\u017cniejsze jest dla mnie <strong>budowanie relacji<\/strong>, dobry obustronny kontakt, <strong>otwarto\u015b\u0107<\/strong>, <strong>szczero\u015b\u0107 i zrozumienie<\/strong>. Moim celem jest jak najlepiej <strong>pom\u00f3c<\/strong> osobie, kt\u00f3ra si\u0119 do mnie zg\u0142osi\u0142a i <strong>edukowa\u0107<\/strong>, by z ka\u017cdym kolejnym spotkaniem pacjent zbli\u017ca\u0142 si\u0119 do swojego celu oraz stopniowo <strong>budowa\u0142 trwa\u0142e i dobre dla niego nawyki \u017cywieniowe<\/strong>. W swojej pracy stawiam na <strong>praktyczne rozwi\u0105zania<\/strong> i zawsze staram si\u0119 dostosowa\u0107 zalecenia maksymalnie do konkretnej osoby. Uwa\u017cam, \u017ce kluczem do sukcesu jest <strong>indywidualne podej\u015bcie do pacjenta<\/strong>, gdy\u017c <strong>ka\u017cdy z nas jest jedyny w swoim rodzaju<\/strong>.<\/p>\n\n\n\n<figure class=\"wp-container-2 wp-block-gallery-1 wp-block-gallery has-nested-images columns-default is-cropped\">\n<figure class=\"wp-block-image size-large\"><img loading=\"lazy\" width=\"1024\" height=\"731\" data-id=\"120\"  src=\"https:\/\/joannamierkiewicz.pl\/wp-content\/uploads\/2021\/10\/dyplom-UP-1024x731.jpg\" alt=\"\" class=\"wp-image-120\" srcset=\"https:\/\/joannamierkiewicz.pl\/wp-content\/uploads\/2021\/10\/dyplom-UP-1024x731.jpg 1024w, https:\/\/joannamierkiewicz.pl\/wp-content\/uploads\/2021\/10\/dyplom-UP-300x214.jpg 300w, https:\/\/joannamierkiewicz.pl\/wp-content\/uploads\/2021\/10\/dyplom-UP-768x548.jpg 768w, https:\/\/joannamierkiewicz.pl\/wp-content\/uploads\/2021\/10\/dyplom-UP-1536x1097.jpg 1536w, https:\/\/joannamierkiewicz.pl\/wp-content\/uploads\/2021\/10\/dyplom-UP.jpg 1636w\" sizes=\"(max-width: 767px) 89vw, (max-width: 1000px) 54vw, (max-width: 1071px) 543px, 580px\" \/><\/figure>\n\n\n\n<figure class=\"wp-block-image size-large\"><img loading=\"lazy\" width=\"1024\" height=\"731\" data-id=\"123\"  src=\"https:\/\/joannamierkiewicz.pl\/wp-content\/uploads\/2021\/10\/dyplom-UM-1-1024x731.jpg\" alt=\"\" class=\"wp-image-123\" srcset=\"https:\/\/joannamierkiewicz.pl\/wp-content\/uploads\/2021\/10\/dyplom-UM-1-1024x731.jpg 1024w, https:\/\/joannamierkiewicz.pl\/wp-content\/uploads\/2021\/10\/dyplom-UM-1-300x214.jpg 300w, https:\/\/joannamierkiewicz.pl\/wp-content\/uploads\/2021\/10\/dyplom-UM-1-768x548.jpg 768w, https:\/\/joannamierkiewicz.pl\/wp-content\/uploads\/2021\/10\/dyplom-UM-1-1536x1097.jpg 1536w, https:\/\/joannamierkiewicz.pl\/wp-content\/uploads\/2021\/10\/dyplom-UM-1.jpg 1636w\" sizes=\"(max-width: 767px) 89vw, (max-width: 1000px) 54vw, (max-width: 1071px) 543px, 580px\" \/><\/figure>\n\n\n\n<figure class=\"wp-block-image size-large\"><img loading=\"lazy\" width=\"851\" height=\"572\" data-id=\"122\"  src=\"https:\/\/joannamierkiewicz.pl\/wp-content\/uploads\/2021\/10\/SOIT-2021.jpg\" alt=\"\" class=\"wp-image-122\" srcset=\"https:\/\/joannamierkiewicz.pl\/wp-content\/uploads\/2021\/10\/SOIT-2021.jpg 851w, https:\/\/joannamierkiewicz.pl\/wp-content\/uploads\/2021\/10\/SOIT-2021-300x202.jpg 300w, https:\/\/joannamierkiewicz.pl\/wp-content\/uploads\/2021\/10\/SOIT-2021-768x516.jpg 768w\" sizes=\"(max-width: 767px) 89vw, (max-width: 1000px) 54vw, (max-width: 1071px) 543px, 580px\" \/><\/figure>\n\n\n\n<figure class=\"wp-block-image size-large\"><img loading=\"lazy\" width=\"719\" height=\"1024\" data-id=\"142\"  src=\"https:\/\/joannamierkiewicz.pl\/wp-content\/uploads\/2021\/11\/cert2-bez-peselu-719x1024.jpg\" alt=\"\" class=\"wp-image-142\" srcset=\"https:\/\/joannamierkiewicz.pl\/wp-content\/uploads\/2021\/11\/cert2-bez-peselu-719x1024.jpg 719w, https:\/\/joannamierkiewicz.pl\/wp-content\/uploads\/2021\/11\/cert2-bez-peselu-211x300.jpg 211w, https:\/\/joannamierkiewicz.pl\/wp-content\/uploads\/2021\/11\/cert2-bez-peselu-768x1093.jpg 768w, https:\/\/joannamierkiewicz.pl\/wp-content\/uploads\/2021\/11\/cert2-bez-peselu-1079x1536.jpg 1079w, https:\/\/joannamierkiewicz.pl\/wp-content\/uploads\/2021\/11\/cert2-bez-peselu-1439x2048.jpg 1439w, https:\/\/joannamierkiewicz.pl\/wp-content\/uploads\/2021\/11\/cert2-bez-peselu.jpg 1641w\" sizes=\"(max-width: 719px) 100vw, 719px\" \/><\/figure>\n\n\n\n<figure class=\"wp-block-image size-large\"><img loading=\"lazy\" width=\"720\" height=\"1024\" data-id=\"114\"  src=\"https:\/\/joannamierkiewicz.pl\/wp-content\/uploads\/2021\/10\/cert1-720x1024.jpg\" alt=\"\" class=\"wp-image-114\" srcset=\"https:\/\/joannamierkiewicz.pl\/wp-content\/uploads\/2021\/10\/cert1-720x1024.jpg 720w, https:\/\/joannamierkiewicz.pl\/wp-content\/uploads\/2021\/10\/cert1-211x300.jpg 211w, https:\/\/joannamierkiewicz.pl\/wp-content\/uploads\/2021\/10\/cert1-768x1092.jpg 768w, https:\/\/joannamierkiewicz.pl\/wp-content\/uploads\/2021\/10\/cert1-1080x1536.jpg 1080w, https:\/\/joannamierkiewicz.pl\/wp-content\/uploads\/2021\/10\/cert1-1440x2048.jpg 1440w, https:\/\/joannamierkiewicz.pl\/wp-content\/uploads\/2021\/10\/cert1.jpg 1641w\" sizes=\"(max-width: 720px) 100vw, 720px\" \/><\/figure>\n\n\n\n<figure class=\"wp-block-image size-large\"><img loading=\"lazy\" width=\"722\" height=\"1024\" data-id=\"126\"  src=\"https:\/\/joannamierkiewicz.pl\/wp-content\/uploads\/2021\/10\/cert5-1-722x1024.jpg\" alt=\"\" class=\"wp-image-126\" srcset=\"https:\/\/joannamierkiewicz.pl\/wp-content\/uploads\/2021\/10\/cert5-1-722x1024.jpg 722w, https:\/\/joannamierkiewicz.pl\/wp-content\/uploads\/2021\/10\/cert5-1-212x300.jpg 212w, https:\/\/joannamierkiewicz.pl\/wp-content\/uploads\/2021\/10\/cert5-1-768x1089.jpg 768w, https:\/\/joannamierkiewicz.pl\/wp-content\/uploads\/2021\/10\/cert5-1.jpg 824w\" sizes=\"(max-width: 722px) 100vw, 722px\" \/><\/figure>\n\n\n\n<figure class=\"wp-block-image size-large\"><img loading=\"lazy\" width=\"1024\" height=\"718\" data-id=\"124\"  src=\"https:\/\/joannamierkiewicz.pl\/wp-content\/uploads\/2021\/10\/cert3-1-1024x718.jpg\" alt=\"\" class=\"wp-image-124\" srcset=\"https:\/\/joannamierkiewicz.pl\/wp-content\/uploads\/2021\/10\/cert3-1-1024x718.jpg 1024w, https:\/\/joannamierkiewicz.pl\/wp-content\/uploads\/2021\/10\/cert3-1-300x210.jpg 300w, https:\/\/joannamierkiewicz.pl\/wp-content\/uploads\/2021\/10\/cert3-1-768x538.jpg 768w, https:\/\/joannamierkiewicz.pl\/wp-content\/uploads\/2021\/10\/cert3-1.jpg 1167w\" sizes=\"(max-width: 767px) 89vw, (max-width: 1000px) 54vw, (max-width: 1071px) 543px, 580px\" \/><\/figure>\n\n\n\n<figure class=\"wp-block-image size-large\"><img loading=\"lazy\" width=\"1024\" height=\"724\" data-id=\"121\"  src=\"https:\/\/joannamierkiewicz.pl\/wp-content\/uploads\/2021\/10\/FODMAP-1024x724.jpg\" alt=\"\" class=\"wp-image-121\" srcset=\"https:\/\/joannamierkiewicz.pl\/wp-content\/uploads\/2021\/10\/FODMAP-1024x724.jpg 1024w, https:\/\/joannamierkiewicz.pl\/wp-content\/uploads\/2021\/10\/FODMAP-300x212.jpg 300w, https:\/\/joannamierkiewicz.pl\/wp-content\/uploads\/2021\/10\/FODMAP-768x543.jpg 768w, https:\/\/joannamierkiewicz.pl\/wp-content\/uploads\/2021\/10\/FODMAP-1536x1086.jpg 1536w, https:\/\/joannamierkiewicz.pl\/wp-content\/uploads\/2021\/10\/FODMAP.jpg 1992w\" sizes=\"(max-width: 767px) 89vw, (max-width: 1000px) 54vw, (max-width: 1071px) 543px, 580px\" \/><\/figure>\n\n\n\n<figure class=\"wp-block-image size-large\"><img loading=\"lazy\" width=\"1024\" height=\"725\" data-id=\"125\"  src=\"https:\/\/joannamierkiewicz.pl\/wp-content\/uploads\/2021\/10\/cert4-1-1024x725.jpg\" alt=\"\" class=\"wp-image-125\" srcset=\"https:\/\/joannamierkiewicz.pl\/wp-content\/uploads\/2021\/10\/cert4-1-1024x725.jpg 1024w, https:\/\/joannamierkiewicz.pl\/wp-content\/uploads\/2021\/10\/cert4-1-300x212.jpg 300w, https:\/\/joannamierkiewicz.pl\/wp-content\/uploads\/2021\/10\/cert4-1-768x544.jpg 768w, https:\/\/joannamierkiewicz.pl\/wp-content\/uploads\/2021\/10\/cert4-1.jpg 1167w\" sizes=\"(max-width: 767px) 89vw, (max-width: 1000px) 54vw, (max-width: 1071px) 543px, 580px\" \/><\/figure>\n<\/figure>\n\n\n\n<figure class=\"wp-block-image size-full\"><img loading=\"lazy\" width=\"885\" height=\"572\" src=\"https:\/\/joannamierkiewicz.pl\/wp-content\/uploads\/2025\/08\/dyplom-ACUART-1.jpg\" alt=\"\" class=\"wp-image-208\" srcset=\"https:\/\/joannamierkiewicz.pl\/wp-content\/uploads\/2025\/08\/dyplom-ACUART-1.jpg 885w, https:\/\/joannamierkiewicz.pl\/wp-content\/uploads\/2025\/08\/dyplom-ACUART-1-300x194.jpg 300w, https:\/\/joannamierkiewicz.pl\/wp-content\/uploads\/2025\/08\/dyplom-ACUART-1-768x496.jpg 768w\" sizes=\"(max-width: 767px) 89vw, (max-width: 1000px) 54vw, (max-width: 1071px) 543px, 580px\" \/><\/figure>\n\n\n\n<figure class=\"wp-container-4 wp-block-gallery-3 wp-block-gallery has-nested-images columns-default is-cropped\">\n<figure class=\"wp-block-image size-large\"><img loading=\"lazy\" width=\"669\" height=\"913\" data-id=\"227\"  src=\"https:\/\/joannamierkiewicz.pl\/wp-content\/uploads\/2025\/08\/zaswiadczenie-banki-bez-PESEL.jpg\" alt=\"\" class=\"wp-image-227\" srcset=\"https:\/\/joannamierkiewicz.pl\/wp-content\/uploads\/2025\/08\/zaswiadczenie-banki-bez-PESEL.jpg 669w, https:\/\/joannamierkiewicz.pl\/wp-content\/uploads\/2025\/08\/zaswiadczenie-banki-bez-PESEL-220x300.jpg 220w\" sizes=\"(max-width: 669px) 100vw, 669px\" \/><\/figure>\n\n\n\n<figure class=\"wp-block-image size-large\"><img loading=\"lazy\" width=\"626\" height=\"896\" data-id=\"229\"  src=\"https:\/\/joannamierkiewicz.pl\/wp-content\/uploads\/2025\/08\/zaswiadczenie-kurs-akupunktury-1-bez-PESEL.jpg\" alt=\"\" class=\"wp-image-229\" srcset=\"https:\/\/joannamierkiewicz.pl\/wp-content\/uploads\/2025\/08\/zaswiadczenie-kurs-akupunktury-1-bez-PESEL.jpg 626w, https:\/\/joannamierkiewicz.pl\/wp-content\/uploads\/2025\/08\/zaswiadczenie-kurs-akupunktury-1-bez-PESEL-210x300.jpg 210w\" sizes=\"(max-width: 626px) 100vw, 626px\" \/><\/figure>\n\n\n\n<figure class=\"wp-block-image size-large\"><img loading=\"lazy\" width=\"673\" height=\"917\" data-id=\"226\"  src=\"https:\/\/joannamierkiewicz.pl\/wp-content\/uploads\/2025\/08\/zaswiadczenie-moksoterapia-bez-PESEL.jpg\" alt=\"\" class=\"wp-image-226\" srcset=\"https:\/\/joannamierkiewicz.pl\/wp-content\/uploads\/2025\/08\/zaswiadczenie-moksoterapia-bez-PESEL.jpg 673w, https:\/\/joannamierkiewicz.pl\/wp-content\/uploads\/2025\/08\/zaswiadczenie-moksoterapia-bez-PESEL-220x300.jpg 220w\" sizes=\"(max-width: 673px) 100vw, 673px\" \/><\/figure>\n\n\n\n<figure class=\"wp-block-image size-large\"><img loading=\"lazy\" width=\"656\" height=\"909\" data-id=\"228\"  src=\"https:\/\/joannamierkiewicz.pl\/wp-content\/uploads\/2025\/08\/zaswiadczenie-TUINA-bez-PESEL.jpg\" alt=\"\" class=\"wp-image-228\" srcset=\"https:\/\/joannamierkiewicz.pl\/wp-content\/uploads\/2025\/08\/zaswiadczenie-TUINA-bez-PESEL.jpg 656w, https:\/\/joannamierkiewicz.pl\/wp-content\/uploads\/2025\/08\/zaswiadczenie-TUINA-bez-PESEL-217x300.jpg 217w\" sizes=\"(max-width: 656px) 100vw, 656px\" \/><\/figure>\n<\/figure>\n\n\n\n<figure class=\"wp-block-image size-large\"><img loading=\"lazy\" width=\"1024\" height=\"731\" src=\"https:\/\/joannamierkiewicz.pl\/wp-content\/uploads\/2025\/08\/cert-diagnoza-z-pulsu-2024-2-1024x731.jpg\" alt=\"\" class=\"wp-image-232\" srcset=\"https:\/\/joannamierkiewicz.pl\/wp-content\/uploads\/2025\/08\/cert-diagnoza-z-pulsu-2024-2-1024x731.jpg 1024w, https:\/\/joannamierkiewicz.pl\/wp-content\/uploads\/2025\/08\/cert-diagnoza-z-pulsu-2024-2-300x214.jpg 300w, https:\/\/joannamierkiewicz.pl\/wp-content\/uploads\/2025\/08\/cert-diagnoza-z-pulsu-2024-2-768x548.jpg 768w, https:\/\/joannamierkiewicz.pl\/wp-content\/uploads\/2025\/08\/cert-diagnoza-z-pulsu-2024-2.jpg 1282w\" sizes=\"(max-width: 767px) 89vw, (max-width: 1000px) 54vw, (max-width: 1071px) 543px, 580px\" \/><\/figure>\n","protected":false},"excerpt":{"rendered":"<p>Nazywam si\u0119 Joanna Mierkiewicz. Jestem dietetykiem klinicznym z wykszta\u0142cenia i zami\u0142owania. G\u0142\u00f3wnym przedmiotem moich zainteresowa\u0144 od 10 lat jest nadwaga i oty\u0142o\u015b\u0107 oraz problemy wsp\u00f3\u0142istniej\u0105ce. Odk\u0105d pami\u0119tam czu\u0142am, \u017ce moim powo\u0142aniem i celem jest niesienie pomocy innym, ale do czas\u00f3w liceum nie wiedzia\u0142am jeszcze w jakiej dziedzinie chc\u0119 ten cel realizowa\u0107. Wtedy w\u0142a\u015bnie zainteresowa\u0142am si\u0119 &hellip; <\/p>\n<p class=\"link-more\"><a href=\"https:\/\/joannamierkiewicz.pl\/\" class=\"more-link\">Czytaj dalej<span class=\"screen-reader-text\"> \u201eO mnie\u201d<\/span><\/a><\/p>\n","protected":false},"author":1,"featured_media":0,"parent":0,"menu_order":0,"comment_status":"closed","ping_status":"closed","template":"","meta":[],"_links":{"self":[{"href":"https:\/\/joannamierkiewicz.pl\/index.php?rest_route=\/wp\/v2\/pages\/14"}],"collection":[{"href":"https:\/\/joannamierkiewicz.pl\/index.php?rest_route=\/wp\/v2\/pages"}],"about":[{"href":"https:\/\/joannamierkiewicz.pl\/index.php?rest_route=\/wp\/v2\/types\/page"}],"author":[{"embeddable":true,"href":"https:\/\/joannamierkiewicz.pl\/index.php?rest_route=\/wp\/v2\/users\/1"}],"replies":[{"embeddable":true,"href":"https:\/\/joannamierkiewicz.pl\/index.php?rest_route=%2Fwp%2Fv2%2Fcomments&post=14"}],"version-history":[{"count":20,"href":"https:\/\/joannamierkiewicz.pl\/index.php?rest_route=\/wp\/v2\/pages\/14\/revisions"}],"predecessor-version":[{"id":233,"href":"https:\/\/joannamierkiewicz.pl\/index.php?rest_route=\/wp\/v2\/pages\/14\/revisions\/233"}],"wp:attachment":[{"href":"https:\/\/joannamierkiewicz.pl\/index.php?rest_route=%2Fwp%2Fv2%2Fmedia&parent=14"}],"curies":[{"name":"wp","href":"https:\/\/api.w.org\/{rel}","templated":true}]}}